 {"id":370116,"date":"2022-09-30T10:18:36","date_gmt":"2022-09-30T17:18:36","guid":{"rendered":"https:\/\/jorgep.com\/blog\/?page_id=370116"},"modified":"2022-09-30T10:22:04","modified_gmt":"2022-09-30T17:22:04","slug":"link-not-available","status":"publish","type":"page","link":"https:\/\/jorgep.com\/blog\/link-not-available\/","title":{"rendered":"Link not Available"},"content":{"rendered":"\n<h2 class=\"wp-block-heading\">It is not us ( I think ) It is them!<\/h2>\n\n\n\n<p><\/p>\n\n\n\n<h2 class=\"wp-block-heading\">You have clicked on a link that no longer work on the other side of our site.<\/h2>\n\n\n<div class=\"wp-block-image\">\n<figure class=\"aligncenter size-large\"><a href=\"https:\/\/jorgep.com\/blog\/wp-content\/uploads\/2022\/09\/glass-g84367816b_1920.jpg\"><img loading=\"lazy\" decoding=\"async\" width=\"1024\" height=\"577\" src=\"https:\/\/jorgep.com\/blog\/wp-content\/uploads\/2022\/09\/glass-g84367816b_1920-1024x577.jpg\" alt=\"\" class=\"wp-image-370117\" srcset=\"https:\/\/jorgep.com\/blog\/wp-content\/uploads\/2022\/09\/glass-g84367816b_1920-1024x577.jpg 1024w, https:\/\/jorgep.com\/blog\/wp-content\/uploads\/2022\/09\/glass-g84367816b_1920-300x169.jpg 300w, https:\/\/jorgep.com\/blog\/wp-content\/uploads\/2022\/09\/glass-g84367816b_1920-768x433.jpg 768w, https:\/\/jorgep.com\/blog\/wp-content\/uploads\/2022\/09\/glass-g84367816b_1920-1536x866.jpg 1536w, https:\/\/jorgep.com\/blog\/wp-content\/uploads\/2022\/09\/glass-g84367816b_1920.jpg 1920w\" sizes=\"auto, (max-width: 1024px) 100vw, 1024px\" \/><\/a><figcaption><br>Image by <a href=\"https:\/\/pixabay.com\/users\/fotobias-30050\/?utm_source=link-attribution&amp;utm_medium=referral&amp;utm_campaign=image&amp;utm_content=101792\">Zden\u011bk Tobi\u00e1\u0161<\/a> from <a href=\"https:\/\/pixabay.com\/\/?utm_source=link-attribution&amp;utm_medium=referral&amp;utm_campaign=image&amp;utm_content=101792\">Pixabay<\/a><\/figcaption><\/figure>\n<\/div>\n\n\n<p><\/p>\n\n\n\n<h3 class=\"wp-block-heading\">Many reasons for this, but the most common is that the original site may no longer exist, or has moved. <\/h3>\n\n\n\n<p><\/p>\n\n\n\n<p><\/p>\n\n\n\n<p>I am very sorry about this, but some things are out of our control.   Before I routed it to this page, I attempted to find it, but was unable to.    If you happen to see find it please let me know.   You can find my contact information here <em><a href=\"https:\/\/jorgep.com\/blog\/contact-jorgep\/\" data-type=\"page\" data-id=\"365292\">contact form<\/a><\/em> <\/p>\n\n\n\n<p><\/p>\n","protected":false},"excerpt":{"rendered":"<p>It is not us ( I think ) It is them! You have clicked on a link that no longer work on the other side of our site. Many reasons for this, but the most common is that the original site may no longer exist, or has moved. I am very sorry about this, but&#8230;<\/p>\n","protected":false},"author":2,"featured_media":370117,"parent":0,"menu_order":0,"comment_status":"closed","ping_status":"closed","template":"","meta":{"_kad_blocks_custom_css":"","_kad_blocks_head_custom_js":"","_kad_blocks_body_custom_js":"","_kad_blocks_footer_custom_js":"","ngg_post_thumbnail":0,"episode_type":"","audio_file":"","podmotor_file_id":"","podmotor_episode_id":"","cover_image":"","cover_image_id":"","duration":"","filesize":"","filesize_raw":"","date_recorded":"","explicit":"","block":"","itunes_episode_number":"","itunes_title":"","itunes_season_number":"","itunes_episode_type":"","_kad_post_transparent":"","_kad_post_title":"","_kad_post_layout":"","_kad_post_sidebar_id":"","_kad_post_content_style":"","_kad_post_vertical_padding":"","_kad_post_feature":"","_kad_post_feature_position":"","_kad_post_header":false,"_kad_post_footer":false,"_kad_post_classname":"","footnotes":""},"class_list":["post-370116","page","type-page","status-publish","has-post-thumbnail","hentry"],"taxonomy_info":[],"featured_image_src_large":["https:\/\/jorgep.com\/blog\/wp-content\/uploads\/2022\/09\/glass-g84367816b_1920-1024x577.jpg",1024,577,true],"author_info":{"display_name":"Jorge Pereira","author_link":"https:\/\/jorgep.com\/blog\/author\/jorge\/"},"comment_info":0,"_links":{"self":[{"href":"https:\/\/jorgep.com\/blog\/wp-json\/wp\/v2\/pages\/370116","targetHints":{"allow":["GET"]}}],"collection":[{"href":"https:\/\/jorgep.com\/blog\/wp-json\/wp\/v2\/pages"}],"about":[{"href":"https:\/\/jorgep.com\/blog\/wp-json\/wp\/v2\/types\/page"}],"author":[{"embeddable":true,"href":"https:\/\/jorgep.com\/blog\/wp-json\/wp\/v2\/users\/2"}],"replies":[{"embeddable":true,"href":"https:\/\/jorgep.com\/blog\/wp-json\/wp\/v2\/comments?post=370116"}],"version-history":[{"count":0,"href":"https:\/\/jorgep.com\/blog\/wp-json\/wp\/v2\/pages\/370116\/revisions"}],"wp:featuredmedia":[{"embeddable":true,"href":"https:\/\/jorgep.com\/blog\/wp-json\/wp\/v2\/media\/370117"}],"wp:attachment":[{"href":"https:\/\/jorgep.com\/blog\/wp-json\/wp\/v2\/media?parent=370116"}],"curies":[{"name":"wp","href":"https:\/\/api.w.org\/{rel}","templated":true}]}}